{"id":396,"date":"2021-01-05T17:04:37","date_gmt":"2021-01-05T14:04:37","guid":{"rendered":"http:\/\/ensmet.com\/?page_id=396"},"modified":"2024-11-29T10:21:48","modified_gmt":"2024-11-29T07:21:48","slug":"contact","status":"publish","type":"page","link":"https:\/\/ensmet.com\/en\/contact\/","title":{"rendered":"Contact"},"content":{"rendered":"<div id='av_section_1'  class='avia-section main_color avia-section-default avia-no-border-styling  avia-bg-style-scroll  avia-builder-el-0  el_before_av_layout_row  avia-builder-el-first   container_wrap sidebar_right' style=' '  ><div class='container' ><main  role=\"main\" itemprop=\"mainContentOfPage\"  class='template-page content  av-content-small alpha units'><div class='post-entry post-entry-type-page post-entry-396'><div class='entry-content-wrapper clearfix'>\n<div class=\"flex_column av_one_full  av-animated-generic bottom-to-top  flex_column_div av-zero-column-padding first  avia-builder-el-1  el_before_av_one_half  avia-builder-el-first  \" style='border-radius:0px; '><p><div  style='padding-bottom:10px; ' class='av-special-heading av-special-heading-h3  blockquote elegant-quote elegant-centered  avia-builder-el-2  el_before_av_textblock  avia-builder-el-first  '><h3 class='av-special-heading-tag '  itemprop=\"headline\"  ><span class=\"heading-wrap\">CONTACT US<\/span><\/h3><div class='special-heading-border'><div class='special-heading-inner-border' ><\/div><\/div><\/div><br \/>\n<section class=\"av_textblock_section \"  itemscope=\"itemscope\" itemtype=\"https:\/\/schema.org\/CreativeWork\" ><div class='avia_textblock  '   itemprop=\"text\" ><p style=\"text-align: center;\">ENSMET electrical materials produce electrical conduits, emt conduits, emt fittings, enclosures, rigid conduits, rigid conduit fittings, corrugated pliable conduits, corrugated conduit fittings, flexible conduits, connectors and switch boxes.<\/p>\n<\/div><\/section><\/p><\/div><div class=\"flex_column av_one_half  av-animated-generic left-to-right  flex_column_div av-zero-column-padding first  avia-builder-el-4  el_after_av_one_full  el_before_av_one_half  column-top-margin\" style='border-radius:0px; '><p><div  style='padding-bottom:10px; margin-bottom:25px; font-size:30px;' class='av-special-heading av-special-heading-h3  blockquote modern-quote  avia-builder-el-5  el_before_av_icon_box  avia-builder-el-first  av-inherit-size '><h3 class='av-special-heading-tag '  itemprop=\"headline\"  >Contact Informations<\/h3><div class='special-heading-border'><div class='special-heading-inner-border' ><\/div><\/div><\/div><br \/>\n<article  class=\"iconbox iconbox_left_content    avia-builder-el-6  el_after_av_heading  el_before_av_hr  av-icon-style-no-border\"  itemscope=\"itemscope\" itemtype=\"https:\/\/schema.org\/CreativeWork\" ><div class=\"iconbox_icon heading-color\" aria-hidden='true' data-av_icon='\uf100' data-av_iconfont='lvy_'  ><\/div><div class=\"iconbox_content\"><header class=\"entry-content-header\"><h3 class='iconbox_content_title  '  itemprop=\"headline\"  >PHONE<\/h3><\/header><div class='iconbox_content_container  '  itemprop=\"text\"  ><p><a href=\"tel:+90 232 328 25 73\">+90 232 328 25 73<\/a> (pbx)<\/p>\n<\/div><\/div><footer class=\"entry-footer\"><\/footer><\/article><br \/>\n<div  style=' margin-top:0px; margin-bottom:20px;'  class='hr hr-custom hr-left hr-icon-no   avia-builder-el-7  el_after_av_icon_box  el_before_av_icon_box '><span class='hr-inner  inner-border-av-border-thin' style=' width:100%;' ><span class='hr-inner-style'><\/span><\/span><\/div><br \/>\n<article  class=\"iconbox iconbox_left_content    avia-builder-el-8  el_after_av_hr  el_before_av_hr  av-icon-style-no-border\"  itemscope=\"itemscope\" itemtype=\"https:\/\/schema.org\/CreativeWork\" ><div class=\"iconbox_icon heading-color\" aria-hidden='true' data-av_icon='\uf12a' data-av_iconfont='lvy_'  ><\/div><div class=\"iconbox_content\"><header class=\"entry-content-header\"><h3 class='iconbox_content_title  '  itemprop=\"headline\"  >Fax<\/h3><\/header><div class='iconbox_content_container  '  itemprop=\"text\"  ><p>+90 232 328 25 75<\/p>\n<\/div><\/div><footer class=\"entry-footer\"><\/footer><\/article><br \/>\n<div  style=' margin-top:0px; margin-bottom:20px;'  class='hr hr-custom hr-left hr-icon-no   avia-builder-el-9  el_after_av_icon_box  el_before_av_icon_box '><span class='hr-inner  inner-border-av-border-thin' style=' width:100%;' ><span class='hr-inner-style'><\/span><\/span><\/div><br \/>\n<article  class=\"iconbox iconbox_left_content    avia-builder-el-10  el_after_av_hr  el_before_av_hr  av-icon-style-no-border\"  itemscope=\"itemscope\" itemtype=\"https:\/\/schema.org\/CreativeWork\" ><div class=\"iconbox_icon heading-color\" aria-hidden='true' data-av_icon='\uf12e' data-av_iconfont='lvy_'  ><\/div><div class=\"iconbox_content\"><header class=\"entry-content-header\"><h3 class='iconbox_content_title  '  itemprop=\"headline\"  >E-MAIL<\/h3><\/header><div class='iconbox_content_container  '  itemprop=\"text\"  ><p><a href=\"mailto:info@ensmet.com\">info@ensmet.com<\/a><\/p>\n<\/div><\/div><footer class=\"entry-footer\"><\/footer><\/article><br \/>\n<div  style=' margin-top:0px; margin-bottom:20px;'  class='hr hr-custom hr-left hr-icon-no   avia-builder-el-11  el_after_av_icon_box  el_before_av_icon_box '><span class='hr-inner  inner-border-av-border-thin' style=' width:100%;' ><span class='hr-inner-style'><\/span><\/span><\/div><br \/>\n<article  class=\"iconbox iconbox_left_content    avia-builder-el-12  el_after_av_hr  avia-builder-el-last  av-icon-style-no-border\"  itemscope=\"itemscope\" itemtype=\"https:\/\/schema.org\/CreativeWork\" ><div class=\"iconbox_icon heading-color\" aria-hidden='true' data-av_icon='\uf177' data-av_iconfont='lvy_'  ><\/div><div class=\"iconbox_content\"><header class=\"entry-content-header\"><h3 class='iconbox_content_title  '  itemprop=\"headline\"  >ADDRESS<\/h3><\/header><div class='iconbox_content_container  '  itemprop=\"text\"  ><p>Atat\u00fcrk Organize Sanayi B\u00f6lgesi 10002 Sokak No:42 35620 \u00c7i\u011fli \u0130ZM\u0130R &#8211; T\u00dcRK\u0130YE<\/p>\n<\/div><\/div><footer class=\"entry-footer\"><\/footer><\/article><\/p><\/div><div class=\"flex_column av_one_half  av-animated-generic right-to-left  flex_column_div av-zero-column-padding   avia-builder-el-13  el_after_av_one_half  avia-builder-el-last  column-top-margin\" style='border-radius:0px; '><p><div  style='padding-bottom:10px; margin-bottom:25px; font-size:30px;' class='av-special-heading av-special-heading-h3  blockquote modern-quote  avia-builder-el-14  el_before_av_contact  avia-builder-el-first  av-inherit-size '><h3 class='av-special-heading-tag '  itemprop=\"headline\"  >Contact Form<\/h3><div class='special-heading-border'><div class='special-heading-inner-border' ><\/div><\/div><\/div><br \/>\n<form action=\"https:\/\/ensmet.com\/en\/contact\/\" method=\"post\"  class=\"avia_ajax_form av-form-labels-hidden   avia-builder-el-15  el_after_av_heading  avia-builder-el-last   \" data-avia-form-id=\"1\" data-avia-redirect='' ><fieldset><p class='  first_form  form_element form_element_half' id='element_avia_1_1'><label for=\"avia_1_1\">Name <abbr class=\"required\" title=\"Zorunlu\">*<\/abbr><\/label> <input name=\"avia_1_1\" class=\"text_input is_empty\" type=\"text\" id=\"avia_1_1\" value=\"\"  placeholder='Name*'\/><\/p><p class='  form_element form_element_half' id='element_avia_2_1'><label for=\"avia_2_1\">E-Mail <abbr class=\"required\" title=\"Zorunlu\">*<\/abbr><\/label> <input name=\"avia_2_1\" class=\"text_input is_email\" type=\"text\" id=\"avia_2_1\" value=\"\"  placeholder='E-Mail*'\/><\/p><p class='  first_form  form_element form_fullwidth' id='element_avia_3_1'><label for=\"avia_3_1\">Subject <abbr class=\"required\" title=\"Zorunlu\">*<\/abbr><\/label> <input name=\"avia_3_1\" class=\"text_input is_empty\" type=\"text\" id=\"avia_3_1\" value=\"\"  placeholder='Subject*'\/><\/p><p class='  first_form  form_element form_fullwidth' id='element_avia_4_1'><label for=\"avia_4_1\" class=\"textare_label hidden textare_label_avia_4_1\">Message <abbr class=\"required\" title=\"Zorunlu\">*<\/abbr><\/label><textarea  placeholder='Message*' name=\"avia_4_1\" class=\"text_area is_empty\" cols=\"40\" rows=\"7\" id=\"avia_4_1\" ><\/textarea><\/p><p class=\"hidden\"><input type=\"text\" name=\"avia_5_1\" class=\"hidden \" id=\"avia_5_1\" value=\"\" \/><\/p><div id='avia_6_1' class='av-recaptcha-area  first_form  form_element form_fullwidth '  data-container_class=\"\" data-custom_class=\"\" data-context=\"av_contact_form\" data-token_input=\"av_recaptcha_token\" data-version=\"avia_recaptcha_v2\" data-theme=\"light\" data-size=\"normal\" data-score=\"0.5\" data-text_to_preview=\"\" data-value=\"\"><div class=\"av-google-badge-message hidden\">This site is protected by reCAPTCHA and the Google <a href=\"https:\/\/policies.google.com\/privacy\">Privacy Policy<\/a> and <a href=\"https:\/\/policies.google.com\/terms\">Terms of Service<\/a> apply.<\/div><\/div><p class=\"form_element \"><input type=\"hidden\" value=\"1\" name=\"avia_generated_form1\" \/><input type=\"submit\" value=\"Submit\" class=\"button\"  data-sending-label=\"G\u00f6nderiliyor\"\/><\/p><\/fieldset><div class=\"avia-disabled-form\">This contact form is deactivated because you refused to accept Google reCaptcha service which is necessary to validate any messages sent by the form.<\/div><\/form><div id=\"ajaxresponse_1\" class=\"ajaxresponse ajaxresponse_1 hidden\"><\/div><\/p><\/div><\/div><\/div><\/main><!-- close content main element --><\/div><\/div><div id='av-layout-grid-1'  class='av-layout-grid-container entry-content-wrapper main_color av-flex-cells     avia-builder-el-16  el_after_av_section  avia-builder-el-last  submenu-not-first container_wrap sidebar_right' style=' '  >\n<div class=\"flex_cell no_margin av_one_full  avia-builder-el-17  avia-builder-el-no-sibling   av-zero-padding \"  style='vertical-align:top; padding:0px; ' ><div class='flex_cell_inner' >\n<\/div><\/div>\n<\/div><\/p>\n","protected":false},"excerpt":{"rendered":"","protected":false},"author":1,"featured_media":262,"parent":0,"menu_order":0,"comment_status":"closed","ping_status":"closed","template":"","meta":[],"yoast_head":"<!-- This site is optimized with the Yoast SEO plugin v15.9 - https:\/\/yoast.com\/wordpress\/plugins\/seo\/ -->\n<title>Contact<\/title>\n<meta name=\"description\" content=\"End\u00fcstriyel Elektrik Tesisat Borular\u0131; elektrik tesisat borular\u0131 ve elektrik da\u011f\u0131t\u0131m kutular\u0131 \u00fcretiminde rijit borular, rijit boru ba\u011flant\u0131\" \/>\n<meta name=\"robots\" content=\"index, follow, max-snippet:-1, max-image-preview:large, max-video-preview:-1\" \/>\n<link rel=\"canonical\" href=\"https:\/\/ensmet.com\/ennew\/contact\/\" \/>\n<meta property=\"og:locale\" content=\"tr_TR\" \/>\n<meta property=\"og:type\" content=\"article\" \/>\n<meta property=\"og:title\" content=\"Contact\" \/>\n<meta property=\"og:description\" content=\"End\u00fcstriyel Elektrik Tesisat Borular\u0131; elektrik tesisat borular\u0131 ve elektrik da\u011f\u0131t\u0131m kutular\u0131 \u00fcretiminde rijit borular, rijit boru ba\u011flant\u0131\" \/>\n<meta property=\"og:url\" content=\"https:\/\/ensmet.com\/ennew\/contact\/\" \/>\n<meta property=\"og:site_name\" content=\"Ensmet Halogen Free Conduits and Fittings Electrical Installation Materials\" \/>\n<meta property=\"article:modified_time\" content=\"2024-11-29T07:21:48+00:00\" \/>\n<meta property=\"og:image\" content=\"https:\/\/ensmet.com\/en\/wp-content\/uploads\/2021\/01\/ensmet-fabrika.jpg\" \/>\n\t<meta property=\"og:image:width\" content=\"800\" \/>\n\t<meta property=\"og:image:height\" content=\"600\" \/>\n<meta name=\"twitter:card\" content=\"summary_large_image\" \/>\n<meta name=\"twitter:label1\" content=\"Tahmini okuma s\u00fcresi\">\n\t<meta name=\"twitter:data1\" content=\"9 dakika\">\n<script type=\"application\/ld+json\" class=\"yoast-schema-graph\">{\"@context\":\"https:\/\/schema.org\",\"@graph\":[{\"@type\":\"WebSite\",\"@id\":\"https:\/\/ensmet.com\/#website\",\"url\":\"https:\/\/ensmet.com\/\",\"name\":\"Ensmet Halogen Free Conduits and Fittings Electrical Installation Materials\",\"description\":\"\",\"potentialAction\":[{\"@type\":\"SearchAction\",\"target\":\"https:\/\/ensmet.com\/?s={search_term_string}\",\"query-input\":\"required name=search_term_string\"}],\"inLanguage\":\"tr\"},{\"@type\":\"ImageObject\",\"@id\":\"https:\/\/ensmet.com\/ennew\/contact\/#primaryimage\",\"inLanguage\":\"tr\",\"url\":\"https:\/\/ensmet.com\/en\/wp-content\/uploads\/2021\/01\/ensmet-fabrika.jpg\",\"width\":800,\"height\":600,\"caption\":\"halogen free elektrik tesisat borular\\u0131 ensmet fabrika\"},{\"@type\":\"WebPage\",\"@id\":\"https:\/\/ensmet.com\/ennew\/contact\/#webpage\",\"url\":\"https:\/\/ensmet.com\/ennew\/contact\/\",\"name\":\"Contact\",\"isPartOf\":{\"@id\":\"https:\/\/ensmet.com\/#website\"},\"primaryImageOfPage\":{\"@id\":\"https:\/\/ensmet.com\/ennew\/contact\/#primaryimage\"},\"datePublished\":\"2021-01-05T14:04:37+00:00\",\"dateModified\":\"2024-11-29T07:21:48+00:00\",\"description\":\"End\\u00fcstriyel Elektrik Tesisat Borular\\u0131; elektrik tesisat borular\\u0131 ve elektrik da\\u011f\\u0131t\\u0131m kutular\\u0131 \\u00fcretiminde rijit borular, rijit boru ba\\u011flant\\u0131\",\"breadcrumb\":{\"@id\":\"https:\/\/ensmet.com\/ennew\/contact\/#breadcrumb\"},\"inLanguage\":\"tr\",\"potentialAction\":[{\"@type\":\"ReadAction\",\"target\":[\"https:\/\/ensmet.com\/ennew\/contact\/\"]}]},{\"@type\":\"BreadcrumbList\",\"@id\":\"https:\/\/ensmet.com\/ennew\/contact\/#breadcrumb\",\"itemListElement\":[{\"@type\":\"ListItem\",\"position\":1,\"item\":{\"@type\":\"WebPage\",\"@id\":\"https:\/\/ensmet.com\/ennew\/contact\/\",\"url\":\"https:\/\/ensmet.com\/ennew\/contact\/\",\"name\":\"Contact\"}}]}]}<\/script>\n<!-- \/ Yoast SEO plugin. -->","_links":{"self":[{"href":"https:\/\/ensmet.com\/en\/wp-json\/wp\/v2\/pages\/396"}],"collection":[{"href":"https:\/\/ensmet.com\/en\/wp-json\/wp\/v2\/pages"}],"about":[{"href":"https:\/\/ensmet.com\/en\/wp-json\/wp\/v2\/types\/page"}],"author":[{"embeddable":true,"href":"https:\/\/ensmet.com\/en\/wp-json\/wp\/v2\/users\/1"}],"replies":[{"embeddable":true,"href":"https:\/\/ensmet.com\/en\/wp-json\/wp\/v2\/comments?post=396"}],"version-history":[{"count":19,"href":"https:\/\/ensmet.com\/en\/wp-json\/wp\/v2\/pages\/396\/revisions"}],"predecessor-version":[{"id":2628,"href":"https:\/\/ensmet.com\/en\/wp-json\/wp\/v2\/pages\/396\/revisions\/2628"}],"wp:featuredmedia":[{"embeddable":true,"href":"https:\/\/ensmet.com\/en\/wp-json\/wp\/v2\/media\/262"}],"wp:attachment":[{"href":"https:\/\/ensmet.com\/en\/wp-json\/wp\/v2\/media?parent=396"}],"curies":[{"name":"wp","href":"https:\/\/api.w.org\/{rel}","templated":true}]}}