{"id":1151,"date":"2021-01-27T11:30:57","date_gmt":"2021-01-27T08:30:57","guid":{"rendered":"http:\/\/ensmet.com\/?page_id=1151"},"modified":"2025-07-16T10:40:59","modified_gmt":"2025-07-16T07:40:59","slug":"quality","status":"publish","type":"page","link":"https:\/\/ensmet.com\/en\/quality\/","title":{"rendered":"Quality"},"content":{"rendered":"<div id='av_section_1'  class='avia-section main_color avia-section-default avia-no-border-styling  avia-bg-style-scroll  avia-builder-el-0  avia-builder-el-no-sibling   container_wrap sidebar_right' style=' '  ><div class='container' ><main  role=\"main\" itemprop=\"mainContentOfPage\"  class='template-page content  av-content-small alpha units'><div class='post-entry post-entry-type-page post-entry-1151'><div class='entry-content-wrapper clearfix'>\n<div  style='padding-bottom:10px; ' class='av-special-heading av-special-heading-h2  blockquote elegant-quote elegant-centered  avia-builder-el-1  el_before_av_textblock  avia-builder-el-first  '><div class ='av-subheading av-subheading_above  ' style='font-size:28px;'><p><strong style=\"color: #000; font-family: oswald;\">ENSMET&lt;\/strong &gt;<\/p>\n<\/div><h2 class='av-special-heading-tag '  itemprop=\"headline\"  ><span class=\"heading-wrap\">INTEGRATED MANAGEMENT SYSTEM POLICY<\/span><\/h2><div class='special-heading-border'><div class='special-heading-inner-border' ><\/div><\/div><\/div><\/strong><\/p>\n<section class=\"av_textblock_section \"  itemscope=\"itemscope\" itemtype=\"https:\/\/schema.org\/CreativeWork\" ><div class='avia_textblock  '   itemprop=\"text\" ><p style=\"text-align: center;\">Our company holds all necessary certificates for the manufactured or supplied with ENSMET brand. You may review and download our certificates as below.<\/p>\n<\/div><\/section>\n<div class=\"flex_column av_one_half  flex_column_div av-zero-column-padding first  avia-builder-el-3  el_after_av_textblock  el_before_av_one_half  column-top-margin\" style='border-radius:0px; '><div  class='avia-icon-list-container   avia-builder-el-4  avia-builder-el-no-sibling  sertifika-list'><ul class='avia-icon-list avia-icon-list-left av-iconlist-small avia_animate_when_almost_visible avia-iconlist-animate'>\n<li><a href='https:\/\/ensmet.com\/en\/wp-content\/uploads\/2025\/04\/680F19A70F5F4.pdf' title='ISO 9001 \u2013 ISO 14001 \u2013 ISO 45001 Certificates'  target=\"_blank\"  rel=\"noopener noreferrer\"  class='iconlist_icon  avia-font-entypo-fontello'><span class='iconlist-char ' aria-hidden='true' data-av_icon='\ue82d' data-av_iconfont='entypo-fontello'><\/span><\/a><article class=\"article-icon-entry av-iconlist-empty\"  itemscope=\"itemscope\" itemtype=\"https:\/\/schema.org\/CreativeWork\" ><div class='iconlist_content_wrap'><header class=\"entry-content-header\"><div class='av_iconlist_title iconlist_title_small   '  itemprop=\"headline\"  ><a href='https:\/\/ensmet.com\/en\/wp-content\/uploads\/2025\/04\/680F19A70F5F4.pdf' title='ISO 9001 \u2013 ISO 14001 \u2013 ISO 45001 Certificates' target=\"_blank\"  rel=\"noopener noreferrer\">ISO 9001 \u2013 ISO 14001 \u2013 ISO 45001 Certificates<\/a><\/div><\/header><div class='iconlist_content  '  itemprop=\"text\"  ><\/div><\/div><footer class=\"entry-footer\"><\/footer><\/article><div class='iconlist-timeline'><\/div><\/li>\n<li><a href='https:\/\/ensmet.com\/en\/wp-content\/uploads\/2021\/03\/BORULAR-VE-AKSESUARLAR-GOST-BELGESI-2022.pdf' title='Conduits and Fittings GOST Certificates'  target=\"_blank\"  rel=\"noopener noreferrer\"  class='iconlist_icon  avia-font-entypo-fontello'><span class='iconlist-char ' aria-hidden='true' data-av_icon='\ue82d' data-av_iconfont='entypo-fontello'><\/span><\/a><article class=\"article-icon-entry av-iconlist-empty\"  itemscope=\"itemscope\" itemtype=\"https:\/\/schema.org\/CreativeWork\" ><div class='iconlist_content_wrap'><header class=\"entry-content-header\"><div class='av_iconlist_title iconlist_title_small   '  itemprop=\"headline\"  ><a href='https:\/\/ensmet.com\/en\/wp-content\/uploads\/2021\/03\/BORULAR-VE-AKSESUARLAR-GOST-BELGESI-2022.pdf' title='Conduits and Fittings GOST Certificates' target=\"_blank\"  rel=\"noopener noreferrer\">Conduits and Fittings GOST Certificates<\/a><\/div><\/header><div class='iconlist_content  '  itemprop=\"text\"  ><\/div><\/div><footer class=\"entry-footer\"><\/footer><\/article><div class='iconlist-timeline'><\/div><\/li>\n<li><a href='https:\/\/ensmet.com\/wp-content\/uploads\/2025\/04\/TS-EN-61386-21-RIJIT-BORU-TSE-BELGESI-07-04-2026.pdf' title='TS EN 61386-21 Rigid Conduit TSE Certificate' target=\"_blank\" rel=\"noopener noreferrer\" class='iconlist_icon  avia-font-entypo-fontello'><span class='iconlist-char ' aria-hidden='true' data-av_icon='\ue82d' data-av_iconfont='entypo-fontello'><\/span><\/a><article class=\"article-icon-entry av-iconlist-empty\"  itemscope=\"itemscope\" itemtype=\"https:\/\/schema.org\/CreativeWork\" ><div class='iconlist_content_wrap'><header class=\"entry-content-header\"><div class='av_iconlist_title iconlist_title_small   '  itemprop=\"headline\"  ><a href='https:\/\/ensmet.com\/wp-content\/uploads\/2025\/04\/TS-EN-61386-21-RIJIT-BORU-TSE-BELGESI-07-04-2026.pdf' title='TS EN 61386-21 Rigid Conduit TSE Certificate' target=\"_blank\" rel=\"noopener noreferrer\">TS EN 61386-21 Rigid Conduit TSE Certificate<\/a><\/div><\/header><div class='iconlist_content  '  itemprop=\"text\"  ><\/div><\/div><footer class=\"entry-footer\"><\/footer><\/article><div class='iconlist-timeline'><\/div><\/li>\n<li><a href='http:\/\/ensmet.com\/wp-content\/uploads\/2021\/01\/vde-rijit-hf-ls.pdf' title='VDE Low Smoke Density and Halogen Free Test Report (Rigid Conduit)' target=\"_blank\" rel=\"noopener noreferrer\" class='iconlist_icon  avia-font-entypo-fontello'><span class='iconlist-char ' aria-hidden='true' data-av_icon='\ue82d' data-av_iconfont='entypo-fontello'><\/span><\/a><article class=\"article-icon-entry av-iconlist-empty\"  itemscope=\"itemscope\" itemtype=\"https:\/\/schema.org\/CreativeWork\" ><div class='iconlist_content_wrap'><header class=\"entry-content-header\"><div class='av_iconlist_title iconlist_title_small   '  itemprop=\"headline\"  ><a href='http:\/\/ensmet.com\/wp-content\/uploads\/2021\/01\/vde-rijit-hf-ls.pdf' title='VDE Low Smoke Density and Halogen Free Test Report (Rigid Conduit)' target=\"_blank\" rel=\"noopener noreferrer\">VDE Low Smoke Density and Halogen Free Test Report (Rigid Conduit)<\/a><\/div><\/header><div class='iconlist_content  '  itemprop=\"text\"  ><\/div><\/div><footer class=\"entry-footer\"><\/footer><\/article><div class='iconlist-timeline'><\/div><\/li>\n<li><a href='https:\/\/ensmet.com\/en\/wp-content\/uploads\/2025\/07\/TS-EN-61386-22.pdf' title='TS EN 61386-22 Corrugated Pliable Conduit TSE Certificate'  target=\"_blank\"  rel=\"noopener noreferrer\"  class='iconlist_icon  avia-font-entypo-fontello'><span class='iconlist-char ' aria-hidden='true' data-av_icon='\ue82d' data-av_iconfont='entypo-fontello'><\/span><\/a><article class=\"article-icon-entry av-iconlist-empty\"  itemscope=\"itemscope\" itemtype=\"https:\/\/schema.org\/CreativeWork\" ><div class='iconlist_content_wrap'><header class=\"entry-content-header\"><div class='av_iconlist_title iconlist_title_small   '  itemprop=\"headline\"  ><a href='https:\/\/ensmet.com\/en\/wp-content\/uploads\/2025\/07\/TS-EN-61386-22.pdf' title='TS EN 61386-22 Corrugated Pliable Conduit TSE Certificate' target=\"_blank\"  rel=\"noopener noreferrer\">TS EN 61386-22 Corrugated Pliable Conduit TSE Certificate<\/a><\/div><\/header><div class='iconlist_content  '  itemprop=\"text\"  ><\/div><\/div><footer class=\"entry-footer\"><\/footer><\/article><div class='iconlist-timeline'><\/div><\/li>\n<li><a href='http:\/\/ensmet.com\/wp-content\/uploads\/2021\/01\/vde-hf-duman-yogunlugu-sonuc-rapor-14-04-2011.pdf' title='VDE Low Smoke Density and Halogen Free Test Report (Corrugated Pliable Conduit)' target=\"_blank\" rel=\"noopener noreferrer\" class='iconlist_icon  avia-font-entypo-fontello'><span class='iconlist-char ' aria-hidden='true' data-av_icon='\ue82d' data-av_iconfont='entypo-fontello'><\/span><\/a><article class=\"article-icon-entry av-iconlist-empty\"  itemscope=\"itemscope\" itemtype=\"https:\/\/schema.org\/CreativeWork\" ><div class='iconlist_content_wrap'><header class=\"entry-content-header\"><div class='av_iconlist_title iconlist_title_small   '  itemprop=\"headline\"  ><a href='http:\/\/ensmet.com\/wp-content\/uploads\/2021\/01\/vde-hf-duman-yogunlugu-sonuc-rapor-14-04-2011.pdf' title='VDE Low Smoke Density and Halogen Free Test Report (Corrugated Pliable Conduit)' target=\"_blank\" rel=\"noopener noreferrer\">VDE Low Smoke Density and Halogen Free Test Report (Corrugated Pliable Conduit)<\/a><\/div><\/header><div class='iconlist_content  '  itemprop=\"text\"  ><\/div><\/div><footer class=\"entry-footer\"><\/footer><\/article><div class='iconlist-timeline'><\/div><\/li>\n<li><a href='https:\/\/ensmet.com\/en\/wp-content\/uploads\/2025\/04\/68062185F1955.pdf' title='TS EN 50626-1 HDPE Underground Conduit TSE Certificate'  target=\"_blank\"  rel=\"noopener noreferrer\"  class='iconlist_icon  avia-font-entypo-fontello'><span class='iconlist-char ' aria-hidden='true' data-av_icon='\ue82d' data-av_iconfont='entypo-fontello'><\/span><\/a><article class=\"article-icon-entry av-iconlist-empty\"  itemscope=\"itemscope\" itemtype=\"https:\/\/schema.org\/CreativeWork\" ><div class='iconlist_content_wrap'><header class=\"entry-content-header\"><div class='av_iconlist_title iconlist_title_small   '  itemprop=\"headline\"  ><a href='https:\/\/ensmet.com\/en\/wp-content\/uploads\/2025\/04\/68062185F1955.pdf' title='TS EN 50626-1 HDPE Underground Conduit TSE Certificate' target=\"_blank\"  rel=\"noopener noreferrer\">TS EN 50626-1 HDPE Underground Conduit TSE Certificate<\/a><\/div><\/header><div class='iconlist_content  '  itemprop=\"text\"  ><\/div><\/div><footer class=\"entry-footer\"><\/footer><\/article><div class='iconlist-timeline'><\/div><\/li>\n<\/ul><\/div><\/div><div class=\"flex_column av_one_half  flex_column_div av-zero-column-padding   avia-builder-el-5  el_after_av_one_half  el_before_av_one_full  column-top-margin\" style='border-radius:0px; '><div  class='avia-icon-list-container   avia-builder-el-6  avia-builder-el-no-sibling  sertifika-list'><ul class='avia-icon-list avia-icon-list-left av-iconlist-small avia_animate_when_almost_visible avia-iconlist-animate'>\n<li><a href='http:\/\/ensmet.com\/wp-content\/uploads\/2021\/01\/ENSMET-EMT-Boru-ve-Baglanti-Parcalari-UL-Sertifikalari.pdf' title='EMT Conduit and Fitting UL Certificates' target=\"_blank\" rel=\"noopener noreferrer\" class='iconlist_icon  avia-font-entypo-fontello'><span class='iconlist-char ' aria-hidden='true' data-av_icon='\ue82d' data-av_iconfont='entypo-fontello'><\/span><\/a><article class=\"article-icon-entry av-iconlist-empty\"  itemscope=\"itemscope\" itemtype=\"https:\/\/schema.org\/CreativeWork\" ><div class='iconlist_content_wrap'><header class=\"entry-content-header\"><div class='av_iconlist_title iconlist_title_small   '  itemprop=\"headline\"  ><a href='http:\/\/ensmet.com\/wp-content\/uploads\/2021\/01\/ENSMET-EMT-Boru-ve-Baglanti-Parcalari-UL-Sertifikalari.pdf' title='EMT Conduit and Fitting UL Certificates' target=\"_blank\" rel=\"noopener noreferrer\">EMT Conduit and Fitting UL Certificates<\/a><\/div><\/header><div class='iconlist_content  '  itemprop=\"text\"  ><\/div><\/div><footer class=\"entry-footer\"><\/footer><\/article><div class='iconlist-timeline'><\/div><\/li>\n<li><a href='http:\/\/ensmet.com\/wp-content\/uploads\/2021\/01\/anahtar-kasasi-gost-belgesi.pdf' title='Switch Box GOST Certificate' target=\"_blank\" rel=\"noopener noreferrer\" class='iconlist_icon  avia-font-entypo-fontello'><span class='iconlist-char ' aria-hidden='true' data-av_icon='\ue82d' data-av_iconfont='entypo-fontello'><\/span><\/a><article class=\"article-icon-entry av-iconlist-empty\"  itemscope=\"itemscope\" itemtype=\"https:\/\/schema.org\/CreativeWork\" ><div class='iconlist_content_wrap'><header class=\"entry-content-header\"><div class='av_iconlist_title iconlist_title_small   '  itemprop=\"headline\"  ><a href='http:\/\/ensmet.com\/wp-content\/uploads\/2021\/01\/anahtar-kasasi-gost-belgesi.pdf' title='Switch Box GOST Certificate' target=\"_blank\" rel=\"noopener noreferrer\">Switch Box GOST Certificate<\/a><\/div><\/header><div class='iconlist_content  '  itemprop=\"text\"  ><\/div><\/div><footer class=\"entry-footer\"><\/footer><\/article><div class='iconlist-timeline'><\/div><\/li>\n<li><a href='http:\/\/ensmet.com\/wp-content\/uploads\/2021\/01\/buatici-yayli-klemens-gost-belgesi.pdf' title='Push-in Connector GOST Certificate' target=\"_blank\" rel=\"noopener noreferrer\" class='iconlist_icon  avia-font-entypo-fontello'><span class='iconlist-char ' aria-hidden='true' data-av_icon='\ue82d' data-av_iconfont='entypo-fontello'><\/span><\/a><article class=\"article-icon-entry av-iconlist-empty\"  itemscope=\"itemscope\" itemtype=\"https:\/\/schema.org\/CreativeWork\" ><div class='iconlist_content_wrap'><header class=\"entry-content-header\"><div class='av_iconlist_title iconlist_title_small   '  itemprop=\"headline\"  ><a href='http:\/\/ensmet.com\/wp-content\/uploads\/2021\/01\/buatici-yayli-klemens-gost-belgesi.pdf' title='Push-in Connector GOST Certificate' target=\"_blank\" rel=\"noopener noreferrer\">Push-in Connector GOST Certificate<\/a><\/div><\/header><div class='iconlist_content  '  itemprop=\"text\"  ><\/div><\/div><footer class=\"entry-footer\"><\/footer><\/article><div class='iconlist-timeline'><\/div><\/li>\n<li><a href='http:\/\/ensmet.com\/wp-content\/uploads\/2021\/01\/kasalar-tse-tr.pdf' title='TS EN 60670 Switch Box TSE Certificate' target=\"_blank\" rel=\"noopener noreferrer\" class='iconlist_icon  avia-font-entypo-fontello'><span class='iconlist-char ' aria-hidden='true' data-av_icon='\ue82d' data-av_iconfont='entypo-fontello'><\/span><\/a><article class=\"article-icon-entry av-iconlist-empty\"  itemscope=\"itemscope\" itemtype=\"https:\/\/schema.org\/CreativeWork\" ><div class='iconlist_content_wrap'><header class=\"entry-content-header\"><div class='av_iconlist_title iconlist_title_small   '  itemprop=\"headline\"  ><a href='http:\/\/ensmet.com\/wp-content\/uploads\/2021\/01\/kasalar-tse-tr.pdf' title='TS EN 60670 Switch Box TSE Certificate' target=\"_blank\" rel=\"noopener noreferrer\">TS EN 60670 Switch Box TSE Certificate<\/a><\/div><\/header><div class='iconlist_content  '  itemprop=\"text\"  ><\/div><\/div><footer class=\"entry-footer\"><\/footer><\/article><div class='iconlist-timeline'><\/div><\/li>\n<li><a href='http:\/\/ensmet.com\/wp-content\/uploads\/2021\/01\/alcipan-kasa-dusuk-duman-yogunlugu-ve-hf-test-raporu.pdf' title='ETS Low Smoke Density and Halogen Free Test Report (Switch Box)' target=\"_blank\" rel=\"noopener noreferrer\" class='iconlist_icon  avia-font-entypo-fontello'><span class='iconlist-char ' aria-hidden='true' data-av_icon='\ue82d' data-av_iconfont='entypo-fontello'><\/span><\/a><article class=\"article-icon-entry av-iconlist-empty\"  itemscope=\"itemscope\" itemtype=\"https:\/\/schema.org\/CreativeWork\" ><div class='iconlist_content_wrap'><header class=\"entry-content-header\"><div class='av_iconlist_title iconlist_title_small   '  itemprop=\"headline\"  ><a href='http:\/\/ensmet.com\/wp-content\/uploads\/2021\/01\/alcipan-kasa-dusuk-duman-yogunlugu-ve-hf-test-raporu.pdf' title='ETS Low Smoke Density and Halogen Free Test Report (Switch Box)' target=\"_blank\" rel=\"noopener noreferrer\">ETS Low Smoke Density and Halogen Free Test Report (Switch Box)<\/a><\/div><\/header><div class='iconlist_content  '  itemprop=\"text\"  ><\/div><\/div><footer class=\"entry-footer\"><\/footer><\/article><div class='iconlist-timeline'><\/div><\/li>\n<li><a href='http:\/\/ensmet.com\/wp-content\/uploads\/2021\/01\/anahtar-kasasi-ukr-sepro-belgesi.pdf' title='Switch Box UKR-SEPRO Certificate' target=\"_blank\" rel=\"noopener noreferrer\" class='iconlist_icon  avia-font-entypo-fontello'><span class='iconlist-char ' aria-hidden='true' data-av_icon='\ue82d' data-av_iconfont='entypo-fontello'><\/span><\/a><article class=\"article-icon-entry av-iconlist-empty\"  itemscope=\"itemscope\" itemtype=\"https:\/\/schema.org\/CreativeWork\" ><div class='iconlist_content_wrap'><header class=\"entry-content-header\"><div class='av_iconlist_title iconlist_title_small   '  itemprop=\"headline\"  ><a href='http:\/\/ensmet.com\/wp-content\/uploads\/2021\/01\/anahtar-kasasi-ukr-sepro-belgesi.pdf' title='Switch Box UKR-SEPRO Certificate' target=\"_blank\" rel=\"noopener noreferrer\">Switch Box UKR-SEPRO Certificate<\/a><\/div><\/header><div class='iconlist_content  '  itemprop=\"text\"  ><\/div><\/div><footer class=\"entry-footer\"><\/footer><\/article><div class='iconlist-timeline'><\/div><\/li>\n<\/ul><\/div><\/div><div class=\"flex_column av_one_full  flex_column_div av-zero-column-padding first  avia-builder-el-7  el_after_av_one_half  avia-builder-el-last  column-top-margin\" style='border-radius:0px; '><section class=\"av_textblock_section \"  itemscope=\"itemscope\" itemtype=\"https:\/\/schema.org\/CreativeWork\" ><div class='avia_textblock  '   itemprop=\"text\" ><p><img class=\"size-full wp-image-81 alignleft\" src=\"http:\/\/ensmet.com\/wp-content\/uploads\/2020\/12\/ce.jpg\" alt=\"\" width=\"100\" height=\"100\" srcset=\"https:\/\/ensmet.com\/en\/wp-content\/uploads\/2020\/12\/ce.jpg 100w, https:\/\/ensmet.com\/en\/wp-content\/uploads\/2020\/12\/ce-80x80.jpg 80w, https:\/\/ensmet.com\/en\/wp-content\/uploads\/2020\/12\/ce-36x36.jpg 36w\" sizes=\"(max-width: 100px) 100vw, 100px\" \/> <img class=\"size-full wp-image-83 alignleft\" src=\"http:\/\/ensmet.com\/wp-content\/uploads\/2020\/12\/tse.jpg\" alt=\"\" width=\"100\" height=\"100\" srcset=\"https:\/\/ensmet.com\/en\/wp-content\/uploads\/2020\/12\/tse.jpg 100w, https:\/\/ensmet.com\/en\/wp-content\/uploads\/2020\/12\/tse-80x80.jpg 80w, https:\/\/ensmet.com\/en\/wp-content\/uploads\/2020\/12\/tse-36x36.jpg 36w\" sizes=\"(max-width: 100px) 100vw, 100px\" \/><img class=\"size-full wp-image-82 alignleft\" src=\"http:\/\/ensmet.com\/wp-content\/uploads\/2020\/12\/gost-r-belgesi.jpg\" alt=\"\" width=\"100\" height=\"100\" srcset=\"https:\/\/ensmet.com\/en\/wp-content\/uploads\/2020\/12\/gost-r-belgesi.jpg 100w, https:\/\/ensmet.com\/en\/wp-content\/uploads\/2020\/12\/gost-r-belgesi-80x80.jpg 80w, https:\/\/ensmet.com\/en\/wp-content\/uploads\/2020\/12\/gost-r-belgesi-36x36.jpg 36w\" sizes=\"(max-width: 100px) 100vw, 100px\" \/><img class=\"alignleft size-full wp-image-1178\" src=\"http:\/\/ensmet.com\/wp-content\/uploads\/2021\/01\/kalite-sertifika-icon.jpg\" alt=\"\" width=\"100\" height=\"100\" srcset=\"https:\/\/ensmet.com\/en\/wp-content\/uploads\/2021\/01\/kalite-sertifika-icon.jpg 100w, https:\/\/ensmet.com\/en\/wp-content\/uploads\/2021\/01\/kalite-sertifika-icon-80x80.jpg 80w, https:\/\/ensmet.com\/en\/wp-content\/uploads\/2021\/01\/kalite-sertifika-icon-36x36.jpg 36w\" sizes=\"(max-width: 100px) 100vw, 100px\" \/><\/p>\n<\/div><\/section><\/div><\/div><\/div><\/main><!-- close content main element --><\/div><\/div><div id='after_section_1'  class='main_color av_default_container_wrap container_wrap sidebar_right' style=' '  ><div class='container' ><div class='template-page content  av-content-small alpha units'><div class='post-entry post-entry-type-page post-entry-1151'><div class='entry-content-wrapper clearfix'>\n","protected":false},"excerpt":{"rendered":"","protected":false},"author":1,"featured_media":0,"parent":0,"menu_order":0,"comment_status":"closed","ping_status":"closed","template":"","meta":[],"yoast_head":"<!-- This site is optimized with the Yoast SEO plugin v15.9 - https:\/\/yoast.com\/wordpress\/plugins\/seo\/ -->\n<title>Kalite - Yeralt\u0131 Muhafaza Borular\u0131 - End\u00fcstriyel Borular - Klemensler<\/title>\n<meta name=\"description\" content=\"Yeralt\u0131 Muhafaza Borular\u0131 End\u00fcstriyel Borular Klemensler Elektrik Tesisat Malzemeleri; Firma olarak t\u00fcm faaliyetlerimiz ile ekolojik dengeye\" \/>\n<meta name=\"robots\" content=\"index, follow, max-snippet:-1, max-image-preview:large, max-video-preview:-1\" \/>\n<link rel=\"canonical\" href=\"https:\/\/ensmet.com\/en\/quality\/\" \/>\n<meta property=\"og:locale\" content=\"tr_TR\" \/>\n<meta property=\"og:type\" content=\"article\" \/>\n<meta property=\"og:title\" content=\"Kalite - Yeralt\u0131 Muhafaza Borular\u0131 - End\u00fcstriyel Borular - Klemensler\" \/>\n<meta property=\"og:description\" content=\"Yeralt\u0131 Muhafaza Borular\u0131 End\u00fcstriyel Borular Klemensler Elektrik Tesisat Malzemeleri; Firma olarak t\u00fcm faaliyetlerimiz ile ekolojik dengeye\" \/>\n<meta property=\"og:url\" content=\"https:\/\/ensmet.com\/en\/quality\/\" \/>\n<meta property=\"og:site_name\" content=\"Ensmet Halogen Free Conduits and Fittings Electrical Installation Materials\" \/>\n<meta property=\"article:modified_time\" content=\"2025-07-16T07:40:59+00:00\" \/>\n<meta property=\"og:image\" content=\"http:\/\/ensmet.com\/wp-content\/uploads\/2020\/12\/ce.jpg\" \/>\n<meta name=\"twitter:card\" content=\"summary_large_image\" \/>\n<meta name=\"twitter:label1\" content=\"Tahmini okuma s\u00fcresi\">\n\t<meta name=\"twitter:data1\" content=\"7 dakika\">\n<script type=\"application\/ld+json\" class=\"yoast-schema-graph\">{\"@context\":\"https:\/\/schema.org\",\"@graph\":[{\"@type\":\"WebSite\",\"@id\":\"https:\/\/ensmet.com\/#website\",\"url\":\"https:\/\/ensmet.com\/\",\"name\":\"Ensmet Halogen Free Conduits and Fittings Electrical Installation Materials\",\"description\":\"\",\"potentialAction\":[{\"@type\":\"SearchAction\",\"target\":\"https:\/\/ensmet.com\/?s={search_term_string}\",\"query-input\":\"required name=search_term_string\"}],\"inLanguage\":\"tr\"},{\"@type\":\"ImageObject\",\"@id\":\"https:\/\/ensmet.com\/en\/quality\/#primaryimage\",\"inLanguage\":\"tr\",\"url\":\"http:\/\/ensmet.com\/wp-content\/uploads\/2020\/12\/ce.jpg\"},{\"@type\":\"WebPage\",\"@id\":\"https:\/\/ensmet.com\/en\/quality\/#webpage\",\"url\":\"https:\/\/ensmet.com\/en\/quality\/\",\"name\":\"Kalite - Yeralt\\u0131 Muhafaza Borular\\u0131 - End\\u00fcstriyel Borular - Klemensler\",\"isPartOf\":{\"@id\":\"https:\/\/ensmet.com\/#website\"},\"primaryImageOfPage\":{\"@id\":\"https:\/\/ensmet.com\/en\/quality\/#primaryimage\"},\"datePublished\":\"2021-01-27T08:30:57+00:00\",\"dateModified\":\"2025-07-16T07:40:59+00:00\",\"description\":\"Yeralt\\u0131 Muhafaza Borular\\u0131 End\\u00fcstriyel Borular Klemensler Elektrik Tesisat Malzemeleri; Firma olarak t\\u00fcm faaliyetlerimiz ile ekolojik dengeye\",\"breadcrumb\":{\"@id\":\"https:\/\/ensmet.com\/en\/quality\/#breadcrumb\"},\"inLanguage\":\"tr\",\"potentialAction\":[{\"@type\":\"ReadAction\",\"target\":[\"https:\/\/ensmet.com\/en\/quality\/\"]}]},{\"@type\":\"BreadcrumbList\",\"@id\":\"https:\/\/ensmet.com\/en\/quality\/#breadcrumb\",\"itemListElement\":[{\"@type\":\"ListItem\",\"position\":1,\"item\":{\"@type\":\"WebPage\",\"@id\":\"https:\/\/ensmet.com\/en\/quality\/\",\"url\":\"https:\/\/ensmet.com\/en\/quality\/\",\"name\":\"Quality\"}}]}]}<\/script>\n<!-- \/ Yoast SEO plugin. -->","_links":{"self":[{"href":"https:\/\/ensmet.com\/en\/wp-json\/wp\/v2\/pages\/1151"}],"collection":[{"href":"https:\/\/ensmet.com\/en\/wp-json\/wp\/v2\/pages"}],"about":[{"href":"https:\/\/ensmet.com\/en\/wp-json\/wp\/v2\/types\/page"}],"author":[{"embeddable":true,"href":"https:\/\/ensmet.com\/en\/wp-json\/wp\/v2\/users\/1"}],"replies":[{"embeddable":true,"href":"https:\/\/ensmet.com\/en\/wp-json\/wp\/v2\/comments?post=1151"}],"version-history":[{"count":42,"href":"https:\/\/ensmet.com\/en\/wp-json\/wp\/v2\/pages\/1151\/revisions"}],"predecessor-version":[{"id":2670,"href":"https:\/\/ensmet.com\/en\/wp-json\/wp\/v2\/pages\/1151\/revisions\/2670"}],"wp:attachment":[{"href":"https:\/\/ensmet.com\/en\/wp-json\/wp\/v2\/media?parent=1151"}],"curies":[{"name":"wp","href":"https:\/\/api.w.org\/{rel}","templated":true}]}}